{"id":3,"date":"2022-02-24T11:19:27","date_gmt":"2022-02-24T10:19:27","guid":{"rendered":"http:\/\/hdpdcfk.cluster028.hosting.ovh.net\/wp\/?page_id=3"},"modified":"2022-06-03T14:33:15","modified_gmt":"2022-06-03T12:33:15","slug":"politique-de-confidentialite","status":"publish","type":"page","link":"https:\/\/hdpdc.fr\/index.php\/politique-de-confidentialite\/","title":{"rendered":"Politique de confidentialit\u00e9"},"content":{"rendered":"<style><\/style>\t\t<div data-elementor-type=\"wp-page\" data-elementor-id=\"3\" class=\"elementor elementor-3\" wpc-filter-elementor-widget=\"1\" data-elementor-post-type=\"page\">\n\t\t\t\t\t\t<section class=\"elementor-section elementor-top-section elementor-element elementor-element-b39861b elementor-section-boxed elementor-section-height-default elementor-section-height-default\" data-id=\"b39861b\" data-element_type=\"section\" data-e-type=\"section\">\n\t\t\t\t\t\t<div class=\"elementor-container elementor-column-gap-default\">\n\t\t\t\t\t<div class=\"elementor-column elementor-col-100 elementor-top-column elementor-element elementor-element-75c11cd7\" data-id=\"75c11cd7\" data-element_type=\"column\" data-e-type=\"column\">\n\t\t\t<div class=\"elementor-widget-wrap elementor-element-populated\">\n\t\t\t\t\t\t<div class=\"elementor-element elementor-element-5347f86d elementor-widget elementor-widget-text-editor\" data-id=\"5347f86d\" data-element_type=\"widget\" data-e-type=\"widget\" data-widget_type=\"text-editor.default\">\n\t\t\t\t<div class=\"elementor-widget-container\">\n\t\t\t\t\t\t\t\t\t<div class=\"elementor-element elementor-element-a66a27b elementor-widget elementor-widget-text-editor\" data-id=\"a66a27b\" data-element_type=\"widget\" data-widget_type=\"text-editor.default\">\n<div class=\"elementor-widget-container\">\n<p>PR\u00c9AMBULE<\/p>\n<p>Le R\u00e8glement (EU) 2016\/679 du Parlement Europ\u00e9en et du Conseil du 27 avril 2016 relatif \u00e0 la protection des personnes physiques \u00e0 l\u2019\u00e9gard du traitement de donn\u00e9es \u00e0 caract\u00e8re personnel et \u00e0 la libre circulation de ces donn\u00e9es, autrement appel\u00e9 le R\u00e8glement g\u00e9n\u00e9ral sur la protection des donn\u00e9es (ci-apr\u00e8s RGPD) fixe le cadre juridique applicable aux traitements de donn\u00e9es \u00e0 caract\u00e8re personnel.\u00a0\u00a0<\/p>\n<p>Le RGPD renforce les droits et les obligations des responsables de traitements, des sous-traitants, des personnes concern\u00e9es et des destinataires des donn\u00e9es.\u00a0\u00a0<\/p>\n<p>Pour une bonne compr\u00e9hension de la pr\u00e9sente politique il est pr\u00e9cis\u00e9 que :<\/p>\n<ul>\n<li><strong>\u00ab Donn\u00e9e personnelle \u00bb\u00a0<\/strong>:<\/li>\n<\/ul>\n<p>Se d\u00e9finit comme\u00a0<em>toute information relative \u00e0 une personne physique identifi\u00e9e ou qui peut \u00eatre identifi\u00e9e, directement ou indirectement, par r\u00e9f\u00e9rence \u00e0 un num\u00e9ro d\u2019identification ou \u00e0 un ou plusieurs \u00e9l\u00e9ments qui lui sont propres<\/em>, conform\u00e9ment \u00e0 la Loi Informatique et Libert\u00e9s du 6 janvier 1978.\u00a0<\/p>\n<ul>\n<li><strong>\u00ab Responsable du traitement \u00bb\u00a0<\/strong>:<\/li>\n<\/ul>\n<p>Repr\u00e9sente la personne physique ou morale, qui d\u00e9termine les finalit\u00e9s et les moyens d\u2019un traitement de donn\u00e9es \u00e0 caract\u00e8re personnel. Au titre de la pr\u00e9sente politique, le responsable du traitement est\u00a0<strong>Les H\u00f4pitaux des Portes de Camargue <\/strong>\u00a0;<\/p>\n<ul>\n<li><strong>\u00ab Sous-traitant \u00bb<\/strong><\/li>\n<\/ul>\n<p>Repr\u00e9sente toute personne physique ou morale qui traite des donn\u00e9es \u00e0 caract\u00e8re personnel pour le compte du responsable du traitement. Il s\u2019agit donc en pratique des prestataires avec lesquels\u00a0<strong>Les HDPDC <\/strong>travaille et qui interviennent sur les donn\u00e9es \u00e0 caract\u00e8re personnel de\u00a0<strong>HDPDC <\/strong>;<\/p>\n<ul>\n<li><strong>\u00ab Personnes concern\u00e9es \u00bb<\/strong><\/li>\n<\/ul>\n<p>Les personnes qui peuvent \u00eatre identifi\u00e9es, directement ou indirectement et leurs donn\u00e9es \u00e0 caract\u00e8re personnel font l\u2019objet d\u2019une collecte par le responsable du traitement, c\u2019est-\u00e0-dire l\u2019ensemble des interlocuteurs de<strong> HDPDC <\/strong>;\u00a0\u00a0\u00a0<\/p>\n<ul>\n<li><strong>\u00ab Destinataires des donn\u00e9es \u00bb<\/strong><\/li>\n<\/ul>\n<p>\u00a0Personnes physiques ou morales qui re\u00e7oivent communication des donn\u00e9es \u00e0 caract\u00e8re personnel. Les destinataires des donn\u00e9es peuvent donc \u00eatre aussi bien des salari\u00e9s de\u00a0<strong>HDPDC<\/strong>\u00a0que des organismes ext\u00e9rieurs.<\/p>\n<ul>\n<li>\u00ab\u00a0<strong>Services \u00bb<\/strong>\u00a0:<\/li>\n<\/ul>\n<p>Il s\u2019agit du service\u00a0<strong>HDPDC <\/strong>et tous ses contenus.<\/p>\n<ul>\n<li>\u00ab\u00a0<strong>Utilisateur ou Vous<\/strong>\u00bb :<\/li>\n<\/ul>\n<p>Internaute en visite ou qui utilise nos services.<\/p>\n<ul>\n<li>\u00ab\u00a0<strong>Cookie<\/strong>\u00a0\u00bb :<\/li>\n<\/ul>\n<p>C\u2019est un fichier texte qui enregistre des informations sur votre terminal (ordinateur, tablette ou mobile) concernant votre navigation sur un site internet. Un cookie ne permet pas d\u2019obtenir des informations enregistr\u00e9es sur votre disque dur ou des informations personnelles.<\/p>\n<p>Pour l\u2019exercice de ces services\u00a0<strong>HDPDC<\/strong>\u00a0utilise les cookies ci-apr\u00e8s, via l\u2019\u00e9diteur WORDPRESS\u00a0:<\/p>\n<p>\u00a0<\/p>\n<\/div>\n<\/div>\n<div class=\"elementor-element elementor-element-f4ab4a0 elementor-widget elementor-widget-toggle\" data-id=\"f4ab4a0\" data-element_type=\"widget\" data-widget_type=\"toggle.default\">\n<div class=\"elementor-widget-container\">\n<div class=\"elementor-toggle\" role=\"tablist\">\n<div class=\"elementor-toggle-item\">\n<div id=\"elementor-tab-title-2561\" class=\"elementor-tab-title\" role=\"tab\" data-tab=\"1\" aria-controls=\"elementor-tab-content-2561\" aria-expanded=\"false\"><i class=\"fas fa-caret-right\"><\/i><a class=\"elementor-toggle-title\" href=\"https:\/\/hdpdc.fr\/index.php\/politique-de-cookies-ue\/\">Voir les Cookies<\/a><\/div>\n<\/div>\n<\/div>\n<\/div>\n<\/div>\n<div class=\"elementor-element elementor-element-f6d6091 elementor-widget elementor-widget-text-editor\" data-id=\"f6d6091\" data-element_type=\"widget\" data-widget_type=\"text-editor.default\">\n<div class=\"elementor-widget-container\">\n<ol>\n<li>OBJET<\/li>\n<\/ol>\n<p>La pr\u00e9sente est \u00e9tablie dans le but de vous informer sur les engagements des Services :<\/p>\n<ul>\n<li>Gestion de clients s\u2019agissant de votre mise en conformit\u00e9 ;<\/li>\n<li>Gestion commerciale, pour ce qui est des contrats, factures, comptabilit\u00e9.<\/li>\n<li>Gestion des formations<\/li>\n<li>Les visites sur le site<\/li>\n<li>Les demandes d\u2019informations<\/li>\n<\/ul>\n<p>Il est de votre responsabilit\u00e9 de prendre int\u00e9gralement connaissance de la pr\u00e9sente politique de confidentialit\u00e9 afin que vous soyez avis\u00e9 des donn\u00e9es collect\u00e9es et leurs destinations ou finalit\u00e9s ainsi que de leur mode de sauvegarde et de s\u00e9curisation. \u00a0<\/p>\n<p>Par la pr\u00e9sente acceptation vous vous engagez \u00e0 nous fournir des informations v\u00e9ritables vous concernant vous, ou votre \u00e9tablissement.<\/p>\n<p>La soumission d\u2019informations erron\u00e9es est contraire aux normes \u00e9tablies par la pr\u00e9sente politique de confidentialit\u00e9.<\/p>\n<p>La pr\u00e9sente peut \u00eatre soumise \u00e0 tout moment \u00e0 des \u00e9ventuelles mises \u00e0 jour, au regard de l\u2019\u00e9volution du Droit applicable et des technologies utiles \u00e0 la performance des services.<\/p>\n<p>Toutefois ces modifications vous engagent, d\u00e8s lors qu\u2019elles ont \u00e9t\u00e9 mises en ligne. Il est recommand\u00e9 \u00e0 chaque utilisateur de consulter r\u00e9guli\u00e8rement la politique de confidentialit\u00e9 afin de prendre connaissance de toute mise \u00e0 jour \u00e9ventuelle survenue.<\/p>\n<p>La pr\u00e9sente politique a pour objet de satisfaire \u00e0 l\u2019obligation d\u2019information des <strong>HDPDC\u00a0<\/strong>et ainsi de formaliser les droits et les obligations des clients\/utilisateurs au regard du traitement de leurs donn\u00e9es \u00e0 caract\u00e8re personnel.\u00a0<\/p>\n<p>\u00a0<\/p>\n<p>II-\u00a0\u00a0\u00a0\u00a0\u00a0\u00a0\u00a0 NOTRE SOCI\u00c9T\u00c9<\/p>\n<h2><em>Responsable du traitement<\/em><\/h2>\n<p>Les informations suivantes vous sont communiqu\u00e9es afin que vous puissiez prendre connaissance des engagements en mati\u00e8re de protection des donn\u00e9es \u00e0 caract\u00e8re personnel des <b>HDPDC<\/b>\u00a0qui agit en tant que responsable du traitement pour les traitements de donn\u00e9es \u00e0 caract\u00e8re personnel \u00e9voqu\u00e9s dans le pr\u00e9sent document.<\/p>\n<p>III-\u00a0\u00a0\u00a0\u00a0 LES DONN\u00c9ES \u00c0 CARACT\u00c8RE PERSONNEL QUE NOUS TRAITONS<\/p>\n<p>Dans le cadre des traitements de donn\u00e9es \u00e0 caract\u00e8re personnel,<strong> HDPDC <\/strong>veille \u00e0 ne collecter et ne traiter que des donn\u00e9es strictement n\u00e9cessaires au regard de la finalit\u00e9 pour laquelle elles sont trait\u00e9es.<\/p>\n<p>Nous traitons ainsi les donn\u00e9es suivantes :<\/p>\n<ul>\n<li>Donn\u00e9es des \u00e9changes par mail (Nom, Pr\u00e9nom, Adresse \u00e9lectronique, num\u00e9ro de t\u00e9l\u00e9phone)<\/li>\n<li>Donn\u00e9es d\u2019identification bancaire (Nom, Pr\u00e9nom, Adresses \u00e9lectroniques, RIB)<\/li>\n<li>Donn\u00e9es de recrutement (Nom, Pr\u00e9nom, Coordonn\u00e9es professionnelles)<\/li>\n<li>Donn\u00e9es des stagiaires de l\u2019organismes de formation (nom, pr\u00e9nom, adresse \u00e9lectronique, num\u00e9ro de t\u00e9l\u00e9phone)<\/li>\n<li>Donn\u00e9es clients\/ fournisseurs\/prospects (Nom, Pr\u00e9nom, Adresse \u00e9lectronique, Num\u00e9ro de t\u00e9l\u00e9phone)<\/li>\n<li>Donn\u00e9es des contacts g\u00e9n\u00e9r\u00e9s par le site<\/li>\n<\/ul>\n<p>\u00a0<\/p>\n<p>IV-\u00a0\u00a0\u00a0\u00a0 LES FINALIT\u00c9S ET LES FONDEMENTS JURIDIQUES DE NOS TRAITEMENTS DE DONN\u00c9ES<\/p>\n<p>Au sein des <strong>HDPDC<\/strong>, vos donn\u00e9es sont collect\u00e9es via notre site internet ou sur la base des formulaires d\u2019informations pour quatre finalit\u00e9s bien distinctes \u00e0 savoir\u00a0: Les gestions clients, comptable, commerciale et la gestion des ressources humaines. Pour assurer sa conformit\u00e9 au RGPD,\u00a0<strong>HDPDC<\/strong>\u00a0ne met en \u0153uvre des traitements de donn\u00e9es \u00e0 caract\u00e8res personnel que s\u2019ils sont justifi\u00e9s par l\u2019une des six bases l\u00e9gales \u00e9nonc\u00e9es dans le r\u00e8glement (le consentement, le mesures contractuelles, l\u2019obligation l\u00e9gale, la sauvegarde des int\u00e9r\u00eats vitaux, l\u2019ex\u00e9cution d\u2019une mission d\u2019int\u00e9r\u00eat public ou l\u2019int\u00e9r\u00eat l\u00e9gitime).<\/p>\n<p>\u00a0\u00a0<\/p>\n<p>V-\u00a0\u00a0\u00a0\u00a0\u00a0\u00a0\u00a0 LES DESTINATAIRES DE VOS DONN\u00c9ES<\/p>\n<p>Nous veillons \u00e0 ce que seules les personnes habilit\u00e9es puissent avoir acc\u00e8s \u00e0 ces donn\u00e9es. Nos prestataires de services peuvent \u00eatre destinataires de ces donn\u00e9es pour r\u00e9aliser les prestations que nous leur confions sous couvert d\u2019avoir au pr\u00e9alable v\u00e9rifier leur conformit\u00e9 RGPD et que ces dispositions soient pr\u00e9vues contractuellement afin d\u2019en informer les personnes concern\u00e9es. Certaines donn\u00e9es personnelles peuvent \u00eatre adress\u00e9es \u00e0 des tiers ou \u00e0 des autorit\u00e9s l\u00e9galement habilit\u00e9es et ce, pour satisfaire nos obligations l\u00e9gales, r\u00e9glementaires ou conventionnelles.<\/p>\n<p>\u00a0<\/p>\n<p>VI-\u00a0\u00a0\u00a0\u00a0 LES TRANSFERTS DE VOS DONN\u00c9ES HORS UE<\/p>\n<p>Nous ne transf\u00e9rons pas vos donn\u00e9es \u00e0 caract\u00e8re personnel vers des partenaires situ\u00e9s en dehors de l\u2019Union Europ\u00e9enne.<\/p>\n<p>\u00a0<\/p>\n<p>VII. LES DUR\u00c9ES POUR LESQUELLES NOUS CONSERVONS VOS DONN\u00c9ES<\/p>\n<p>Les dur\u00e9es de conservation que nous appliquons \u00e0 vos donn\u00e9es \u00e0 caract\u00e8re personnel sont proportionn\u00e9es aux finalit\u00e9s pour lesquelles elles ont \u00e9t\u00e9 collect\u00e9es. En cons\u00e9quence, nous organisons notre politique de conservation des donn\u00e9es de la mani\u00e8re suivante :<\/p>\n<ul>\n<li>3 ans \u00e0 compter du dernier contact si vous n\u2019\u00eates pas par ailleurs r\u00e9f\u00e9renc\u00e9 comme client, sauf expression contraire de volont\u00e9 ;<\/li>\n<li>2 ans \u00e0 compter de notre dernier contact pour les candidats \u00e0 l\u2019embauche non retenus sauf expression contraire de volont\u00e9 ;<\/li>\n<li>10 ans pour les documents comptables (cf. obligations l\u00e9gales)\u00a0;<\/li>\n<li>5 ans en base active pour les donn\u00e9es et documents commerciaux (puis 5 ans en salle d\u2019archive)<\/li>\n<\/ul>\n<p>\u00a0<\/p>\n<p>VII. VOS DROITS<\/p>\n<p>Conform\u00e9ment aux dispositions des articles 38 et suivants de la loi 78-17 du 6 janvier 1978 relative \u00e0 l\u2019informatique, aux fichiers et aux libert\u00e9s, et au regard du R\u00e8glement G\u00e9n\u00e9rale de la Protection des Donn\u00e9es Personnelles (RGPD) tout utilisateur dispose :<\/p>\n<ul>\n<li><strong>Droit d\u2019information :<\/strong> <strong>HDPDC\u00a0<\/strong>a l\u2019obligation de vous informer de la mani\u00e8re dont la structure utilise vos donn\u00e9es personnelles (tel que d\u00e9crit dans la pr\u00e9sente politique de confidentialit\u00e9). (Art 14 RGPD)<\/li>\n<li><strong>Droit d\u2019acc\u00e8s :\u00a0<\/strong>Vous avez le droit d\u2019effectuer une demande d\u2019acc\u00e8s \u00e0 vos donn\u00e9es afin de recevoir une copie des donn\u00e9es \u00e0 caract\u00e8re personnel que nous d\u00e9tenons sur vous; Toutefois, en raison de l\u2019obligation de s\u00e9curit\u00e9 et de confidentialit\u00e9 dans le traitement des donn\u00e9es \u00e0 caract\u00e8re personnel qui incombe \u00e0 <strong>HDPDC\u00a0<\/strong>, votre demande sera trait\u00e9e sous r\u00e9serve du fait que vous apportiez la preuve de votre identit\u00e9, notamment par la production d\u2019un scan ou d\u2019une photocopie de votre titre d\u2019identit\u00e9 valide avec signature du titulaire en pr\u00e9cisant l\u2019adresse \u00e0 laquelle la r\u00e9ponse doit vous \u00eatre envoy\u00e9e. (Art 15 RGPD)<\/li>\n<li><strong>Droit de rectification\u00a0<\/strong>: Vous avez le droit de demander \u00e0 <strong>HDPDC\u00a0<\/strong>dans de meilleurs d\u00e9lais la rectification des donn\u00e9es personnelles vous concernant qui seraient incompl\u00e8tes ou inexactes. Du fait de ce droit, la l\u00e9gislation vous autorise \u00e0 demander rectification, mise \u00e0 jour, ou la correction de vos donn\u00e9es. (Art 16 RGPD)<\/li>\n<li><strong>Droit \u00e0 l\u2019effacement ou<\/strong>\u00a0\u00ab\u00a0<strong>droit \u00e0 l\u2019oubli<\/strong> \u00bb : Vous avez le droit dans certains cas de demander \u00e0 <strong>HDPDC\u00a0<\/strong>de supprimer les donn\u00e9es personnelles vous concernant ; sauf s\u2019il existe une raison juridique imp\u00e9rieuse emp\u00eachant <strong>HDPDC\u00a0<\/strong>de les supprimer. En cas d\u2019impossibilit\u00e9 de suppression des donn\u00e9es <strong>HDPDC\u00a0<\/strong>vous proposera des solutions d\u2019anonymisation de vos donn\u00e9es dans la mesure du possible. (Art 17 RGPD)<\/li>\n<li><strong>Droit \u00e0 la limitation du traitement\u00a0<\/strong>: Vous avez le droit dans certains cas de solliciter ou suspendre le traitement de vos donn\u00e9es personnelles, (Art 18 RGPD)<\/li>\n<li><strong>Droit \u00e0 la portabilit\u00e9 des donn\u00e9es<\/strong>\u00a0: vous avez le droit de demander \u00e0\u00a0<strong>HDPDC <\/strong>une copie de vos donn\u00e9es personnelles, dans un format qui vous sied et courant de pr\u00e9f\u00e9rence comme un fichier csv.<\/li>\n<\/ul>\n<p>Ce droit est n\u00e9anmoins limit\u00e9 aux traitements bas\u00e9s sur le consentement ou sur un contrat ainsi qu\u2019aux donn\u00e9es personnelles que vous avez personnellement g\u00e9n\u00e9r\u00e9es. Il n\u2019inclut ni les donn\u00e9es d\u00e9riv\u00e9es ni les donn\u00e9es inf\u00e9r\u00e9es, qui sont des donn\u00e9es personnelles cr\u00e9\u00e9es par\u00a0<strong>HDPDC <\/strong>(Art 20 RGPD)<\/p>\n<ul>\n<li><strong>Droit d\u2019opposition :<\/strong>\u00a0vous avez le droit de vous opposer au traitement de vos donn\u00e9es personnelles en nous interdisant par exemple de traiter vos donn\u00e9es \u00e0 des fins de marketing direct. (Art 21 RGPD).<\/li>\n<\/ul>\n<p>\u00a0<\/p>\n<p>Une exception est pr\u00e9vue \u00e0 cet effet :<\/p>\n<p>\u00ab Lorsque des donn\u00e9es \u00e0 caract\u00e8re personnel sont trait\u00e9es \u00e0 des fins de recherche scientifique ou historique ou \u00e0 des fins statistiques en application de l\u2019article 89, paragraphe 1, la personne concern\u00e9e a le droit de s\u2019opposer, pour des raisons tenant \u00e0 sa situation particuli\u00e8re, au traitement de donn\u00e9es \u00e0 caract\u00e8re personnel la concernant, \u00e0 moins que le traitement ne soit n\u00e9cessaire \u00e0 l\u2019ex\u00e9cution d\u2019une mission d\u2019int\u00e9r\u00eat public. \u00bb<\/p>\n<p>Vous pouvez demander l\u2019exercice de vos droits aupr\u00e8s des HDPDC \u00e0 l\u2019adresse ci-apr\u00e8s : contact@hdpdc.fr. Ce mail doit \u00eatre accompagn\u00e9 d\u2019une copie de votre pi\u00e8ce d\u2019identit\u00e9. Le responsable en charge des demandes d\u2019exercices des droits, s\u2019engage dans ces conditions, \u00e0 vous apporter r\u00e9ponse dans un d\u00e9lais d\u2019un mois.<\/p>\n<p>Les personnes concern\u00e9es par le traitement de leurs donn\u00e9es \u00e0 caract\u00e8re personnel sont inform\u00e9es de leur droit d\u2019introduire une plainte aupr\u00e8s d\u2019une autorit\u00e9 de contr\u00f4le, \u00e0 savoir la CNIL, si ceux-ci estiment que le traitement de donn\u00e9es \u00e0 caract\u00e8re personnel les concernant n\u2019est pas conforme \u00e0 la r\u00e8glementation europ\u00e9enne de protection des donn\u00e9es, \u00e0 l\u2019adresse suivante :\u00a0\u00a0<\/p>\n<p>Cnil \u2013 Service des plaintes \u2013 3 Place de Fontenoy \u2013 TSA 80715 \u2013 75334 PARIS CEDEX 07\u00a0\u00a0 T\u00e9l : 01 53 73 22 22\u00a0<\/p>\n<p>Aucune information personnelle de l\u2019utilisateur du site\u00a0<u>https:\/\/www.hdpdc.fr<\/u>\u00a0n\u2019est publi\u00e9e \u00e0 l\u2019insu de l\u2019utilisateur, \u00e9chang\u00e9e, transf\u00e9r\u00e9e, c\u00e9d\u00e9e ou vendue sur un support quelconque \u00e0 des tiers. Seule l\u2019hypoth\u00e8se du rachat de\u00a0<strong>HDPDC <\/strong>et de ses droits permettrait la transmission des dites informations \u00e0 l\u2019\u00e9ventuel acqu\u00e9reur qui serait \u00e0 son tour tenu de la m\u00eame obligation de conservation et de modification des donn\u00e9es vis \u00e0 vis de l\u2019utilisateur du site\u00a0<u>\u00a0\u00a0\u00a0\u00a0<\/u><u>https:\/\/www.hdpdc.fr<\/u><br \/>Les bases de donn\u00e9es sont prot\u00e9g\u00e9es par les dispositions de la loi du 1er juillet 1998 transposant la directive 96\/9 du 11 mars 1996 relative \u00e0 la protection juridique des bases de donn\u00e9es.<\/p>\n<\/div>\n<\/div>\t\t\t\t\t\t\t\t<\/div>\n\t\t\t\t<\/div>\n\t\t\t\t\t<\/div>\n\t\t<\/div>\n\t\t\t\t\t<\/div>\n\t\t<\/section>\n\t\t\t\t<\/div>\n\t\t","protected":false},"excerpt":{"rendered":"<p>PR\u00c9AMBULE Le R\u00e8glement (EU) 2016\/679 du Parlement Europ\u00e9en et du Conseil du 27 avril 2016 relatif \u00e0 la protection des personnes physiques \u00e0 l\u2019\u00e9gard du traitement de donn\u00e9es \u00e0 caract\u00e8re personnel et \u00e0 la libre circulation de ces donn\u00e9es, autrement appel\u00e9 le R\u00e8glement g\u00e9n\u00e9ral sur la protection des donn\u00e9es (ci-apr\u00e8s RGPD) fixe le cadre juridique [&hellip;]<\/p>\n","protected":false},"author":1,"featured_media":0,"parent":0,"menu_order":0,"comment_status":"closed","ping_status":"open","template":"","meta":{"_acf_changed":false,"footnotes":""},"class_list":["post-3","page","type-page","status-publish","hentry"],"acf":[],"yoast_head":"<!-- This site is optimized with the Yoast SEO plugin v27.4 - https:\/\/yoast.com\/product\/yoast-seo-wordpress\/ -->\n<title>Politique de confidentialit\u00e9 - H\u00f4pitaux des Portes de Camargue<\/title>\n<meta name=\"robots\" content=\"index, follow, max-snippet:-1, max-image-preview:large, max-video-preview:-1\" \/>\n<link rel=\"canonical\" href=\"https:\/\/hdpdc.fr\/index.php\/politique-de-confidentialite\/\" \/>\n<meta property=\"og:locale\" content=\"fr_FR\" \/>\n<meta property=\"og:type\" content=\"article\" \/>\n<meta property=\"og:title\" content=\"Politique de confidentialit\u00e9 - H\u00f4pitaux des Portes de Camargue\" \/>\n<meta property=\"og:description\" content=\"PR\u00c9AMBULE Le R\u00e8glement (EU) 2016\/679 du Parlement Europ\u00e9en et du Conseil du 27 avril 2016 relatif \u00e0 la protection des personnes physiques \u00e0 l\u2019\u00e9gard du traitement de donn\u00e9es \u00e0 caract\u00e8re personnel et \u00e0 la libre circulation de ces donn\u00e9es, autrement appel\u00e9 le R\u00e8glement g\u00e9n\u00e9ral sur la protection des donn\u00e9es (ci-apr\u00e8s RGPD) fixe le cadre juridique [&hellip;]\" \/>\n<meta property=\"og:url\" content=\"https:\/\/hdpdc.fr\/index.php\/politique-de-confidentialite\/\" \/>\n<meta property=\"og:site_name\" content=\"H\u00f4pitaux des Portes de Camargue\" \/>\n<meta property=\"article:modified_time\" content=\"2022-06-03T12:33:15+00:00\" \/>\n<meta name=\"twitter:card\" content=\"summary_large_image\" \/>\n<meta name=\"twitter:label1\" content=\"Dur\u00e9e de lecture estim\u00e9e\" \/>\n\t<meta name=\"twitter:data1\" content=\"19 minutes\" \/>\n<script type=\"application\/ld+json\" class=\"yoast-schema-graph\">{\"@context\":\"https:\\\/\\\/schema.org\",\"@graph\":[{\"@type\":\"WebPage\",\"@id\":\"https:\\\/\\\/hdpdc.fr\\\/index.php\\\/politique-de-confidentialite\\\/\",\"url\":\"https:\\\/\\\/hdpdc.fr\\\/index.php\\\/politique-de-confidentialite\\\/\",\"name\":\"Politique de confidentialit\u00e9 - H\u00f4pitaux des Portes de Camargue\",\"isPartOf\":{\"@id\":\"https:\\\/\\\/hdpdc.fr\\\/#website\"},\"datePublished\":\"2022-02-24T10:19:27+00:00\",\"dateModified\":\"2022-06-03T12:33:15+00:00\",\"breadcrumb\":{\"@id\":\"https:\\\/\\\/hdpdc.fr\\\/index.php\\\/politique-de-confidentialite\\\/#breadcrumb\"},\"inLanguage\":\"fr-FR\",\"potentialAction\":[{\"@type\":\"ReadAction\",\"target\":[\"https:\\\/\\\/hdpdc.fr\\\/index.php\\\/politique-de-confidentialite\\\/\"]}]},{\"@type\":\"BreadcrumbList\",\"@id\":\"https:\\\/\\\/hdpdc.fr\\\/index.php\\\/politique-de-confidentialite\\\/#breadcrumb\",\"itemListElement\":[{\"@type\":\"ListItem\",\"position\":1,\"name\":\"Accueil\",\"item\":\"https:\\\/\\\/hdpdc.fr\\\/\"},{\"@type\":\"ListItem\",\"position\":2,\"name\":\"Politique de confidentialit\u00e9\"}]},{\"@type\":\"WebSite\",\"@id\":\"https:\\\/\\\/hdpdc.fr\\\/#website\",\"url\":\"https:\\\/\\\/hdpdc.fr\\\/\",\"name\":\"H\u00f4pitaux des Portes de Camargue\",\"description\":\"Etablissement Public de Sant\u00e9\",\"potentialAction\":[{\"@type\":\"SearchAction\",\"target\":{\"@type\":\"EntryPoint\",\"urlTemplate\":\"https:\\\/\\\/hdpdc.fr\\\/?s={search_term_string}\"},\"query-input\":{\"@type\":\"PropertyValueSpecification\",\"valueRequired\":true,\"valueName\":\"search_term_string\"}}],\"inLanguage\":\"fr-FR\"}]}<\/script>\n<!-- \/ Yoast SEO plugin. -->","yoast_head_json":{"title":"Politique de confidentialit\u00e9 - H\u00f4pitaux des Portes de Camargue","robots":{"index":"index","follow":"follow","max-snippet":"max-snippet:-1","max-image-preview":"max-image-preview:large","max-video-preview":"max-video-preview:-1"},"canonical":"https:\/\/hdpdc.fr\/index.php\/politique-de-confidentialite\/","og_locale":"fr_FR","og_type":"article","og_title":"Politique de confidentialit\u00e9 - H\u00f4pitaux des Portes de Camargue","og_description":"PR\u00c9AMBULE Le R\u00e8glement (EU) 2016\/679 du Parlement Europ\u00e9en et du Conseil du 27 avril 2016 relatif \u00e0 la protection des personnes physiques \u00e0 l\u2019\u00e9gard du traitement de donn\u00e9es \u00e0 caract\u00e8re personnel et \u00e0 la libre circulation de ces donn\u00e9es, autrement appel\u00e9 le R\u00e8glement g\u00e9n\u00e9ral sur la protection des donn\u00e9es (ci-apr\u00e8s RGPD) fixe le cadre juridique [&hellip;]","og_url":"https:\/\/hdpdc.fr\/index.php\/politique-de-confidentialite\/","og_site_name":"H\u00f4pitaux des Portes de Camargue","article_modified_time":"2022-06-03T12:33:15+00:00","twitter_card":"summary_large_image","twitter_misc":{"Dur\u00e9e de lecture estim\u00e9e":"19 minutes"},"schema":{"@context":"https:\/\/schema.org","@graph":[{"@type":"WebPage","@id":"https:\/\/hdpdc.fr\/index.php\/politique-de-confidentialite\/","url":"https:\/\/hdpdc.fr\/index.php\/politique-de-confidentialite\/","name":"Politique de confidentialit\u00e9 - H\u00f4pitaux des Portes de Camargue","isPartOf":{"@id":"https:\/\/hdpdc.fr\/#website"},"datePublished":"2022-02-24T10:19:27+00:00","dateModified":"2022-06-03T12:33:15+00:00","breadcrumb":{"@id":"https:\/\/hdpdc.fr\/index.php\/politique-de-confidentialite\/#breadcrumb"},"inLanguage":"fr-FR","potentialAction":[{"@type":"ReadAction","target":["https:\/\/hdpdc.fr\/index.php\/politique-de-confidentialite\/"]}]},{"@type":"BreadcrumbList","@id":"https:\/\/hdpdc.fr\/index.php\/politique-de-confidentialite\/#breadcrumb","itemListElement":[{"@type":"ListItem","position":1,"name":"Accueil","item":"https:\/\/hdpdc.fr\/"},{"@type":"ListItem","position":2,"name":"Politique de confidentialit\u00e9"}]},{"@type":"WebSite","@id":"https:\/\/hdpdc.fr\/#website","url":"https:\/\/hdpdc.fr\/","name":"H\u00f4pitaux des Portes de Camargue","description":"Etablissement Public de Sant\u00e9","potentialAction":[{"@type":"SearchAction","target":{"@type":"EntryPoint","urlTemplate":"https:\/\/hdpdc.fr\/?s={search_term_string}"},"query-input":{"@type":"PropertyValueSpecification","valueRequired":true,"valueName":"search_term_string"}}],"inLanguage":"fr-FR"}]}},"_links":{"self":[{"href":"https:\/\/hdpdc.fr\/index.php\/wp-json\/wp\/v2\/pages\/3","targetHints":{"allow":["GET"]}}],"collection":[{"href":"https:\/\/hdpdc.fr\/index.php\/wp-json\/wp\/v2\/pages"}],"about":[{"href":"https:\/\/hdpdc.fr\/index.php\/wp-json\/wp\/v2\/types\/page"}],"author":[{"embeddable":true,"href":"https:\/\/hdpdc.fr\/index.php\/wp-json\/wp\/v2\/users\/1"}],"replies":[{"embeddable":true,"href":"https:\/\/hdpdc.fr\/index.php\/wp-json\/wp\/v2\/comments?post=3"}],"version-history":[{"count":6,"href":"https:\/\/hdpdc.fr\/index.php\/wp-json\/wp\/v2\/pages\/3\/revisions"}],"predecessor-version":[{"id":2888,"href":"https:\/\/hdpdc.fr\/index.php\/wp-json\/wp\/v2\/pages\/3\/revisions\/2888"}],"wp:attachment":[{"href":"https:\/\/hdpdc.fr\/index.php\/wp-json\/wp\/v2\/media?parent=3"}],"curies":[{"name":"wp","href":"https:\/\/api.w.org\/{rel}","templated":true}]}}